{"id":324,"date":"2023-05-17T10:22:56","date_gmt":"2023-05-17T13:22:56","guid":{"rendered":"https:\/\/fdecormoveis.com.br\/index.php\/ibiza-copy\/"},"modified":"2023-05-17T14:00:22","modified_gmt":"2023-05-17T17:00:22","slug":"oregon","status":"publish","type":"page","link":"https:\/\/fdecormoveis.com.br\/index.php\/oregon\/","title":{"rendered":"Oregon"},"content":{"rendered":"\t\t<div data-elementor-type=\"wp-page\" data-elementor-id=\"324\" class=\"elementor elementor-324\">\n\t\t\t\t\t\t<section class=\"elementor-section elementor-top-section elementor-element elementor-element-4335e9c0 elementor-section-boxed elementor-section-height-default elementor-section-height-default\" data-id=\"4335e9c0\" data-element_type=\"section\" data-settings=\"{&quot;ekit_has_onepagescroll_dot&quot;:&quot;yes&quot;}\">\n\t\t\t\t\t\t<div class=\"elementor-container elementor-column-gap-default\">\n\t\t\t\t\t<div class=\"elementor-column elementor-col-100 elementor-top-column elementor-element elementor-element-128620ce\" data-id=\"128620ce\" data-element_type=\"column\">\n\t\t\t<div class=\"elementor-widget-wrap elementor-element-populated\">\n\t\t\t\t\t\t<div class=\"elementor-element elementor-element-4f66f453 elementor-widget elementor-widget-heading\" data-id=\"4f66f453\" data-element_type=\"widget\" data-settings=\"{&quot;ekit_we_effect_on&quot;:&quot;none&quot;}\" data-widget_type=\"heading.default\">\n\t\t\t\t<div class=\"elementor-widget-container\">\n\t\t\t<h2 class=\"elementor-heading-title elementor-size-default\">OREGON<\/h2>\t\t<\/div>\n\t\t\t\t<\/div>\n\t\t\t\t<div class=\"elementor-element elementor-element-af9ae18 elementor-widget elementor-widget-image\" data-id=\"af9ae18\" data-element_type=\"widget\" data-settings=\"{&quot;ekit_we_effect_on&quot;:&quot;none&quot;}\" data-widget_type=\"image.default\">\n\t\t\t\t<div class=\"elementor-widget-container\">\n\t\t\t\t\t\t\t\t\t\t\t\t\t<img fetchpriority=\"high\" decoding=\"async\" width=\"800\" height=\"450\" src=\"https:\/\/fdecormoveis.com.br\/wp-content\/uploads\/2023\/05\/1.jpg\" class=\"attachment-large size-large wp-image-347\" alt=\"\" srcset=\"https:\/\/fdecormoveis.com.br\/wp-content\/uploads\/2023\/05\/1.jpg 1024w, https:\/\/fdecormoveis.com.br\/wp-content\/uploads\/2023\/05\/1-300x169.jpg 300w, https:\/\/fdecormoveis.com.br\/wp-content\/uploads\/2023\/05\/1-768x432.jpg 768w, https:\/\/fdecormoveis.com.br\/wp-content\/uploads\/2023\/05\/1-600x338.jpg 600w\" sizes=\"(max-width: 800px) 100vw, 800px\" \/>\t\t\t\t\t\t\t\t\t\t\t\t\t<\/div>\n\t\t\t\t<\/div>\n\t\t\t\t<div class=\"elementor-element elementor-element-2c7393ce elementor-widget elementor-widget-text-editor\" data-id=\"2c7393ce\" data-element_type=\"widget\" data-settings=\"{&quot;ekit_we_effect_on&quot;:&quot;none&quot;}\" data-widget_type=\"text-editor.default\">\n\t\t\t\t<div class=\"elementor-widget-container\">\n\t\t\t\t\t\t\t<p>Sof\u00e1 Oregon articulado zero caixa traseira\u00a0 estrutura em madeira de eucalipto maci\u00e7a tratada ,sustenta\u00e7\u00e3o com pecinhas el\u00e1sticas Italianas e molas bonnel\u00a0 em espiral,assentos e encostos compostos de molas ensacadas e espuma D 33.desenvolvido pequenos espa\u00e7os sem abrir m\u00e3o do conforto e eleg\u00e2ncia<\/p>\t\t\t\t\t\t<\/div>\n\t\t\t\t<\/div>\n\t\t\t\t<div class=\"elementor-element elementor-element-639cea0 elementor-widget elementor-widget-accordion\" data-id=\"639cea0\" data-element_type=\"widget\" data-settings=\"{&quot;ekit_we_effect_on&quot;:&quot;none&quot;}\" data-widget_type=\"accordion.default\">\n\t\t\t\t<div class=\"elementor-widget-container\">\n\t\t\t\t\t<div class=\"elementor-accordion\">\n\t\t\t\t\t\t\t<div class=\"elementor-accordion-item\">\n\t\t\t\t\t<div id=\"elementor-tab-title-1041\" class=\"elementor-tab-title\" data-tab=\"1\" role=\"button\" aria-controls=\"elementor-tab-content-1041\" aria-expanded=\"false\">\n\t\t\t\t\t\t\t\t\t\t\t\t\t<span class=\"elementor-accordion-icon elementor-accordion-icon-left\" aria-hidden=\"true\">\n\t\t\t\t\t\t\t\t\t\t\t\t\t\t\t<span class=\"elementor-accordion-icon-closed\"><svg class=\"e-font-icon-svg e-fas-plus\" viewBox=\"0 0 448 512\" xmlns=\"http:\/\/www.w3.org\/2000\/svg\"><path d=\"M416 208H272V64c0-17.67-14.33-32-32-32h-32c-17.67 0-32 14.33-32 32v144H32c-17.67 0-32 14.33-32 32v32c0 17.67 14.33 32 32 32h144v144c0 17.67 14.33 32 32 32h32c17.67 0 32-14.33 32-32V304h144c17.67 0 32-14.33 32-32v-32c0-17.67-14.33-32-32-32z\"><\/path><\/svg><\/span>\n\t\t\t\t\t\t\t\t<span class=\"elementor-accordion-icon-opened\"><svg class=\"e-font-icon-svg e-fas-minus\" viewBox=\"0 0 448 512\" xmlns=\"http:\/\/www.w3.org\/2000\/svg\"><path d=\"M416 208H32c-17.67 0-32 14.33-32 32v32c0 17.67 14.33 32 32 32h384c17.67 0 32-14.33 32-32v-32c0-17.67-14.33-32-32-32z\"><\/path><\/svg><\/span>\n\t\t\t\t\t\t\t\t\t\t\t\t\t\t<\/span>\n\t\t\t\t\t\t\t\t\t\t\t\t<a class=\"elementor-accordion-title\" tabindex=\"0\">Medidas<\/a>\n\t\t\t\t\t<\/div>\n\t\t\t\t\t<div id=\"elementor-tab-content-1041\" class=\"elementor-tab-content elementor-clearfix\" data-tab=\"1\" role=\"region\" aria-labelledby=\"elementor-tab-title-1041\"><p>Profundidade &#8211; 1m<\/p><p>Cheese &#8211; 1.5m<\/p><p>Altura &#8211; 1,05m<\/p><p>Comprimento &#8211; 6m<\/p><p>\u00a0<\/p><\/div>\n\t\t\t\t<\/div>\n\t\t\t\t\t\t\t<div class=\"elementor-accordion-item\">\n\t\t\t\t\t<div id=\"elementor-tab-title-1042\" class=\"elementor-tab-title\" data-tab=\"2\" role=\"button\" aria-controls=\"elementor-tab-content-1042\" aria-expanded=\"false\">\n\t\t\t\t\t\t\t\t\t\t\t\t\t<span class=\"elementor-accordion-icon elementor-accordion-icon-left\" aria-hidden=\"true\">\n\t\t\t\t\t\t\t\t\t\t\t\t\t\t\t<span class=\"elementor-accordion-icon-closed\"><svg class=\"e-font-icon-svg e-fas-plus\" viewBox=\"0 0 448 512\" xmlns=\"http:\/\/www.w3.org\/2000\/svg\"><path d=\"M416 208H272V64c0-17.67-14.33-32-32-32h-32c-17.67 0-32 14.33-32 32v144H32c-17.67 0-32 14.33-32 32v32c0 17.67 14.33 32 32 32h144v144c0 17.67 14.33 32 32 32h32c17.67 0 32-14.33 32-32V304h144c17.67 0 32-14.33 32-32v-32c0-17.67-14.33-32-32-32z\"><\/path><\/svg><\/span>\n\t\t\t\t\t\t\t\t<span class=\"elementor-accordion-icon-opened\"><svg class=\"e-font-icon-svg e-fas-minus\" viewBox=\"0 0 448 512\" xmlns=\"http:\/\/www.w3.org\/2000\/svg\"><path d=\"M416 208H32c-17.67 0-32 14.33-32 32v32c0 17.67 14.33 32 32 32h384c17.67 0 32-14.33 32-32v-32c0-17.67-14.33-32-32-32z\"><\/path><\/svg><\/span>\n\t\t\t\t\t\t\t\t\t\t\t\t\t\t<\/span>\n\t\t\t\t\t\t\t\t\t\t\t\t<a class=\"elementor-accordion-title\" tabindex=\"0\">Detalhes<\/a>\n\t\t\t\t\t<\/div>\n\t\t\t\t\t<div id=\"elementor-tab-content-1042\" class=\"elementor-tab-content elementor-clearfix\" data-tab=\"2\" role=\"region\" aria-labelledby=\"elementor-tab-title-1042\"><p>Revestimento em tecido bocl\u00e9<\/p><p>Espuma D33<\/p><p>PILLOW TOP DE 15 CM<\/p><p>Revestimento 100% em manta acrilica de 100 gr<\/p><p>Madeira em eucalipto tratada<\/p><p>Estrutura 100% blindada<\/p><p>Mola aspiras fixas de sustenta\u00e7\u00e3o nos assentos<\/p><p>P\u00e9 em estrutura de ferro fosco<\/p><\/div>\n\t\t\t\t<\/div>\n\t\t\t\t\t\t\t\t<\/div>\n\t\t\t\t<\/div>\n\t\t\t\t<\/div>\n\t\t\t\t\t<\/div>\n\t\t<\/div>\n\t\t\t\t\t<\/div>\n\t\t<\/section>\n\t\t\t\t<\/div>\n\t\t","protected":false},"excerpt":{"rendered":"<p>OREGON Sof\u00e1 Oregon articulado zero caixa traseira\u00a0 estrutura em madeira de eucalipto maci\u00e7a tratada ,sustenta\u00e7\u00e3o com pecinhas el\u00e1sticas Italianas e molas bonnel\u00a0 em espiral,assentos e encostos compostos de molas ensacadas e espuma D 33.desenvolvido pequenos espa\u00e7os sem abrir m\u00e3o do conforto e eleg\u00e2ncia Medidas Profundidade &#8211; 1m Cheese &#8211; 1.5m Altura &#8211; 1,05m Comprimento &#8211; [&hellip;]<\/p>\n","protected":false},"author":1,"featured_media":285,"parent":0,"menu_order":0,"comment_status":"closed","ping_status":"closed","template":"","meta":{"footnotes":""},"class_list":["post-324","page","type-page","status-publish","has-post-thumbnail","hentry"],"_links":{"self":[{"href":"https:\/\/fdecormoveis.com.br\/index.php\/wp-json\/wp\/v2\/pages\/324","targetHints":{"allow":["GET"]}}],"collection":[{"href":"https:\/\/fdecormoveis.com.br\/index.php\/wp-json\/wp\/v2\/pages"}],"about":[{"href":"https:\/\/fdecormoveis.com.br\/index.php\/wp-json\/wp\/v2\/types\/page"}],"author":[{"embeddable":true,"href":"https:\/\/fdecormoveis.com.br\/index.php\/wp-json\/wp\/v2\/users\/1"}],"replies":[{"embeddable":true,"href":"https:\/\/fdecormoveis.com.br\/index.php\/wp-json\/wp\/v2\/comments?post=324"}],"version-history":[{"count":13,"href":"https:\/\/fdecormoveis.com.br\/index.php\/wp-json\/wp\/v2\/pages\/324\/revisions"}],"predecessor-version":[{"id":358,"href":"https:\/\/fdecormoveis.com.br\/index.php\/wp-json\/wp\/v2\/pages\/324\/revisions\/358"}],"wp:featuredmedia":[{"embeddable":true,"href":"https:\/\/fdecormoveis.com.br\/index.php\/wp-json\/wp\/v2\/media\/285"}],"wp:attachment":[{"href":"https:\/\/fdecormoveis.com.br\/index.php\/wp-json\/wp\/v2\/media?parent=324"}],"curies":[{"name":"wp","href":"https:\/\/api.w.org\/{rel}","templated":true}]}}