{"id":325,"date":"2023-05-17T10:23:03","date_gmt":"2023-05-17T13:23:03","guid":{"rendered":"https:\/\/fdecormoveis.com.br\/index.php\/ibiza-copy-copy\/"},"modified":"2023-05-17T14:26:46","modified_gmt":"2023-05-17T17:26:46","slug":"richad","status":"publish","type":"page","link":"https:\/\/fdecormoveis.com.br\/index.php\/richad\/","title":{"rendered":"Richad"},"content":{"rendered":"\t\t<div data-elementor-type=\"wp-page\" data-elementor-id=\"325\" class=\"elementor elementor-325\">\n\t\t\t\t\t\t<section class=\"elementor-section elementor-top-section elementor-element elementor-element-4335e9c0 elementor-section-boxed elementor-section-height-default elementor-section-height-default\" data-id=\"4335e9c0\" data-element_type=\"section\" data-settings=\"{&quot;ekit_has_onepagescroll_dot&quot;:&quot;yes&quot;}\">\n\t\t\t\t\t\t<div class=\"elementor-container elementor-column-gap-default\">\n\t\t\t\t\t<div class=\"elementor-column elementor-col-100 elementor-top-column elementor-element elementor-element-128620ce\" data-id=\"128620ce\" data-element_type=\"column\">\n\t\t\t<div class=\"elementor-widget-wrap elementor-element-populated\">\n\t\t\t\t\t\t<div class=\"elementor-element elementor-element-4f66f453 elementor-widget elementor-widget-heading\" data-id=\"4f66f453\" data-element_type=\"widget\" data-settings=\"{&quot;ekit_we_effect_on&quot;:&quot;none&quot;}\" data-widget_type=\"heading.default\">\n\t\t\t\t<div class=\"elementor-widget-container\">\n\t\t\t<h2 class=\"elementor-heading-title elementor-size-default\">RICHAD<\/h2>\t\t<\/div>\n\t\t\t\t<\/div>\n\t\t\t\t<div class=\"elementor-element elementor-element-edd3cf1 elementor-widget elementor-widget-image\" data-id=\"edd3cf1\" data-element_type=\"widget\" data-settings=\"{&quot;ekit_we_effect_on&quot;:&quot;none&quot;}\" data-widget_type=\"image.default\">\n\t\t\t\t<div class=\"elementor-widget-container\">\n\t\t\t\t\t\t\t\t\t\t\t\t\t<img fetchpriority=\"high\" decoding=\"async\" width=\"800\" height=\"600\" src=\"https:\/\/fdecormoveis.com.br\/wp-content\/uploads\/2023\/04\/DSC09632-1024x768.jpg\" class=\"attachment-large size-large wp-image-170\" alt=\"\" srcset=\"https:\/\/fdecormoveis.com.br\/wp-content\/uploads\/2023\/04\/DSC09632-1024x768.jpg 1024w, https:\/\/fdecormoveis.com.br\/wp-content\/uploads\/2023\/04\/DSC09632-300x225.jpg 300w, https:\/\/fdecormoveis.com.br\/wp-content\/uploads\/2023\/04\/DSC09632-768x576.jpg 768w, https:\/\/fdecormoveis.com.br\/wp-content\/uploads\/2023\/04\/DSC09632-1536x1152.jpg 1536w, https:\/\/fdecormoveis.com.br\/wp-content\/uploads\/2023\/04\/DSC09632-2048x1536.jpg 2048w, https:\/\/fdecormoveis.com.br\/wp-content\/uploads\/2023\/04\/DSC09632-600x450.jpg 600w\" sizes=\"(max-width: 800px) 100vw, 800px\" \/>\t\t\t\t\t\t\t\t\t\t\t\t\t<\/div>\n\t\t\t\t<\/div>\n\t\t\t\t<div class=\"elementor-element elementor-element-2c7393ce elementor-widget elementor-widget-text-editor\" data-id=\"2c7393ce\" data-element_type=\"widget\" data-settings=\"{&quot;ekit_we_effect_on&quot;:&quot;none&quot;}\" data-widget_type=\"text-editor.default\">\n\t\t\t\t<div class=\"elementor-widget-container\">\n\t\t\t\t\t\t\t<p class=\"MsoNormal\">Sof\u00e1 canto Richad com medida 3,50 x 3,50 molas ensacadas, veludo premium, catracas blindadas c\/n\u00edveis de inclina\u00e7\u00e3o,retr\u00e1til e reclin\u00e1vel ,altura 1,20mts,largura aberto 1,80 e fechado 1,23 mts.<\/p>\t\t\t\t\t\t<\/div>\n\t\t\t\t<\/div>\n\t\t\t\t\t<\/div>\n\t\t<\/div>\n\t\t\t\t\t<\/div>\n\t\t<\/section>\n\t\t\t\t<section class=\"elementor-section elementor-top-section elementor-element elementor-element-36f8311b elementor-section-boxed elementor-section-height-default elementor-section-height-default\" data-id=\"36f8311b\" data-element_type=\"section\" data-settings=\"{&quot;ekit_has_onepagescroll_dot&quot;:&quot;yes&quot;}\">\n\t\t\t\t\t\t<div class=\"elementor-container elementor-column-gap-default\">\n\t\t\t\t\t<div class=\"elementor-column elementor-col-33 elementor-top-column elementor-element elementor-element-5726363b\" data-id=\"5726363b\" data-element_type=\"column\">\n\t\t\t<div class=\"elementor-widget-wrap elementor-element-populated\">\n\t\t\t\t\t\t<div class=\"elementor-element elementor-element-433937ad elementor-widget elementor-widget-text-editor\" data-id=\"433937ad\" data-element_type=\"widget\" data-settings=\"{&quot;ekit_we_effect_on&quot;:&quot;none&quot;}\" data-widget_type=\"text-editor.default\">\n\t\t\t\t<div class=\"elementor-widget-container\">\n\t\t\t\t\t\t\t<p>Fazemos esse lindo estofado na medida que voc\u00ea precisar!<\/p>\t\t\t\t\t\t<\/div>\n\t\t\t\t<\/div>\n\t\t\t\t<div class=\"elementor-element elementor-element-424c1619 elementor-widget-divider--view-line elementor-widget elementor-widget-divider\" data-id=\"424c1619\" data-element_type=\"widget\" data-settings=\"{&quot;ekit_we_effect_on&quot;:&quot;none&quot;}\" data-widget_type=\"divider.default\">\n\t\t\t\t<div class=\"elementor-widget-container\">\n\t\t\t\t\t<div class=\"elementor-divider\">\n\t\t\t<span class=\"elementor-divider-separator\">\n\t\t\t\t\t\t<\/span>\n\t\t<\/div>\n\t\t\t\t<\/div>\n\t\t\t\t<\/div>\n\t\t\t\t<div class=\"elementor-element elementor-element-2dbad24d elementor-widget elementor-widget-text-editor\" data-id=\"2dbad24d\" data-element_type=\"widget\" data-settings=\"{&quot;ekit_we_effect_on&quot;:&quot;none&quot;}\" data-widget_type=\"text-editor.default\">\n\t\t\t\t<div class=\"elementor-widget-container\">\n\t\t\t\t\t\t\t<p>Foto : <strong>Modelo na loja\u00a0<\/strong><\/p>\t\t\t\t\t\t<\/div>\n\t\t\t\t<\/div>\n\t\t\t\t\t<\/div>\n\t\t<\/div>\n\t\t\t\t<div class=\"elementor-column elementor-col-66 elementor-top-column elementor-element elementor-element-257ae3a1\" data-id=\"257ae3a1\" data-element_type=\"column\">\n\t\t\t<div class=\"elementor-widget-wrap elementor-element-populated\">\n\t\t\t\t\t\t<div class=\"elementor-element elementor-element-7634bc2a elementor-widget elementor-widget-image\" data-id=\"7634bc2a\" data-element_type=\"widget\" data-settings=\"{&quot;ekit_we_effect_on&quot;:&quot;none&quot;}\" data-widget_type=\"image.default\">\n\t\t\t\t<div class=\"elementor-widget-container\">\n\t\t\t\t\t\t\t\t\t\t\t\t\t<img decoding=\"async\" width=\"904\" height=\"1600\" src=\"https:\/\/fdecormoveis.com.br\/wp-content\/uploads\/2023\/05\/2.jpg\" class=\"attachment-full size-full wp-image-348\" alt=\"\" srcset=\"https:\/\/fdecormoveis.com.br\/wp-content\/uploads\/2023\/05\/2.jpg 904w, https:\/\/fdecormoveis.com.br\/wp-content\/uploads\/2023\/05\/2-170x300.jpg 170w, https:\/\/fdecormoveis.com.br\/wp-content\/uploads\/2023\/05\/2-579x1024.jpg 579w, https:\/\/fdecormoveis.com.br\/wp-content\/uploads\/2023\/05\/2-768x1359.jpg 768w, https:\/\/fdecormoveis.com.br\/wp-content\/uploads\/2023\/05\/2-868x1536.jpg 868w, https:\/\/fdecormoveis.com.br\/wp-content\/uploads\/2023\/05\/2-600x1062.jpg 600w\" sizes=\"(max-width: 904px) 100vw, 904px\" \/>\t\t\t\t\t\t\t\t\t\t\t\t\t<\/div>\n\t\t\t\t<\/div>\n\t\t\t\t\t<\/div>\n\t\t<\/div>\n\t\t\t\t\t<\/div>\n\t\t<\/section>\n\t\t\t\t<\/div>\n\t\t","protected":false},"excerpt":{"rendered":"<p>RICHAD Sof\u00e1 canto Richad com medida 3,50 x 3,50 molas ensacadas, veludo premium, catracas blindadas c\/n\u00edveis de inclina\u00e7\u00e3o,retr\u00e1til e reclin\u00e1vel ,altura 1,20mts,largura aberto 1,80 e fechado 1,23 mts. Fazemos esse lindo estofado na medida que voc\u00ea precisar! Foto : Modelo na loja\u00a0<\/p>\n","protected":false},"author":1,"featured_media":285,"parent":0,"menu_order":0,"comment_status":"closed","ping_status":"closed","template":"","meta":{"footnotes":""},"class_list":["post-325","page","type-page","status-publish","has-post-thumbnail","hentry"],"_links":{"self":[{"href":"https:\/\/fdecormoveis.com.br\/index.php\/wp-json\/wp\/v2\/pages\/325","targetHints":{"allow":["GET"]}}],"collection":[{"href":"https:\/\/fdecormoveis.com.br\/index.php\/wp-json\/wp\/v2\/pages"}],"about":[{"href":"https:\/\/fdecormoveis.com.br\/index.php\/wp-json\/wp\/v2\/types\/page"}],"author":[{"embeddable":true,"href":"https:\/\/fdecormoveis.com.br\/index.php\/wp-json\/wp\/v2\/users\/1"}],"replies":[{"embeddable":true,"href":"https:\/\/fdecormoveis.com.br\/index.php\/wp-json\/wp\/v2\/comments?post=325"}],"version-history":[{"count":4,"href":"https:\/\/fdecormoveis.com.br\/index.php\/wp-json\/wp\/v2\/pages\/325\/revisions"}],"predecessor-version":[{"id":362,"href":"https:\/\/fdecormoveis.com.br\/index.php\/wp-json\/wp\/v2\/pages\/325\/revisions\/362"}],"wp:featuredmedia":[{"embeddable":true,"href":"https:\/\/fdecormoveis.com.br\/index.php\/wp-json\/wp\/v2\/media\/285"}],"wp:attachment":[{"href":"https:\/\/fdecormoveis.com.br\/index.php\/wp-json\/wp\/v2\/media?parent=325"}],"curies":[{"name":"wp","href":"https:\/\/api.w.org\/{rel}","templated":true}]}}